{"id":2,"date":"2025-11-07T09:25:32","date_gmt":"2025-11-07T09:25:32","guid":{"rendered":"https:\/\/www.sk8picardie.net\/newftbx\/?page_id=2"},"modified":"2026-04-28T15:52:45","modified_gmt":"2026-04-28T15:52:45","slug":"contacter-ftbx-sg","status":"publish","type":"page","link":"https:\/\/www.sk8picardie.net\/newftbx\/","title":{"rendered":"FTBX Skateboard G\u00e9n\u00e9rations by Homerbd"},"content":{"rendered":"\n<h3 class=\"wp-block-heading alignfull has-base-color has-vivid-red-background-color has-text-color has-background has-link-color has-x-large-font-size wp-elements-ad998aa8ebf8d368155399dcbd4e4c68\">Avril 2026 : Lancement de\u00a0\u00bbFTBX Skateboard G\u00e9n\u00e9rations by homerbd\u00a0\u00bbAssociation loi 1901 <\/h3>\n\n\n\n<figure class=\"wp-block-image size-full\"><img loading=\"lazy\" decoding=\"async\" width=\"970\" height=\"250\" src=\"https:\/\/www.sk8picardie.net\/newftbx\/wp-content\/uploads\/2026\/04\/BanniereFTBXSG-970250.jpg\" alt=\"\" class=\"wp-image-142\" srcset=\"https:\/\/www.sk8picardie.net\/newftbx\/wp-content\/uploads\/2026\/04\/BanniereFTBXSG-970250.jpg 970w, https:\/\/www.sk8picardie.net\/newftbx\/wp-content\/uploads\/2026\/04\/BanniereFTBXSG-970250-300x77.jpg 300w, https:\/\/www.sk8picardie.net\/newftbx\/wp-content\/uploads\/2026\/04\/BanniereFTBXSG-970250-768x198.jpg 768w\" sizes=\"auto, (max-width: 970px) 100vw, 970px\" \/><\/figure>\n\n\n\n<h2 class=\"wp-block-heading\">Asso FTBX Skateboard G\u00e9n\u00e9rations est charg\u00e9e en autre de coordonner :<\/h2>\n\n\n\n<ul class=\"wp-block-list\">\n<li class=\"has-medium-font-size\"><a href=\"http:\/\/ftbxsk8zine.free.fr\/\" target=\"_blank\" rel=\"noreferrer noopener\">FTBX Mag<\/a> le skatezine Beauvaisien \u00e0 parution irr\u00e8guli\u00e8re skate oblige&#8230; lanc\u00e9 en 1988 [<a href=\"http:\/\/ftbxsk8zine.free.fr\/\" target=\"_blank\" rel=\"noreferrer noopener\">page index<\/a>]<\/li>\n\n\n\n<li class=\"has-medium-font-size\"><a href=\"http:\/\/sk8picardie.net\" target=\"_blank\" rel=\"noreferrer noopener\">Sk8picardie<\/a> le portail du skateboard en Picardie 02, 60 et 80et les amis&#8230; lanc\u00e9 en 2003<\/li>\n\n\n\n<li class=\"has-medium-font-size\"><a href=\"https:\/\/www.facebook.com\/vieuxskatersdefrance\" target=\"_blank\" rel=\"noreferrer noopener\">Vieux Skaters de France <\/a>Page Facebook Youtube et Instagram pour toutes les g\u00e9n\u00e9rations de skateboarders 70&rsquo;s, 80&rsquo;s, 90&rsquo;s, 00&rsquo;s et 10&prime; &#8230;<\/li>\n\n\n\n<li class=\"has-medium-font-size\"><a href=\"https:\/\/www.facebook.com\/ParisOldSchoolSkateJam\" target=\"_blank\" rel=\"noreferrer noopener\">Paris Old School Skate Jam<\/a> le rdv annuel des anciens en Ile de France dans l&rsquo;h\u00e9ritage de feu la FOSSJ (2006-2012)<\/li>\n\n\n\n<li class=\"has-medium-font-size\"><a href=\"http:\/\/archives2.ftbx.net\" target=\"_blank\" rel=\"noreferrer noopener\">Archives FTBX<\/a> le site qui retrace le parcours skateboard beauvaisien de 1975 aux ann\u00e9es 2000 avec la collection des sk8zines \u00e0 lire en ligne, les photos d&rsquo;\u00e9poque, les liens etc<\/li>\n\n\n\n<li class=\"has-medium-font-size\">Et donc <a href=\"http:\/\/fg.ftbx.net\" target=\"_blank\" rel=\"noreferrer noopener\">FTBX Skateboard G\u00e9n\u00e9rations<\/a> par Homerbd (vous y \u00eates)<\/li>\n<\/ul>\n\n\n\n<div class=\"wp-block-columns is-layout-flex wp-container-core-columns-is-layout-9d6595d7 wp-block-columns-is-layout-flex\">\n<div class=\"wp-block-column is-layout-flow wp-block-column-is-layout-flow\" style=\"flex-basis:100%\">\n<div class=\"wp-block-group is-layout-grid wp-container-core-group-is-layout-9649a0d9 wp-block-group-is-layout-grid\">\n<p class=\"has-accent-1-color has-text-color has-link-color wp-elements-e0f2e8bb45ba40a4659588b8d9cda8f2\">FTBX MAG<\/p>\n\n\n\n<p class=\"has-accent-1-color has-text-color has-link-color wp-elements-1ee6de26a928a51a97316fbce5a7ead7\">Sk8picardieFr<\/p>\n\n\n\n<p class=\"has-accent-1-color has-text-color has-link-color wp-elements-0b4bd8741f2d94eeb8240be9620ad44a\">Vieux skaters de France<\/p>\n\n\n\n<p>FTBX SKATEBOARD GENERATIONS<\/p>\n<\/div>\n<\/div>\n<\/div>\n\n\n\n<div class=\"wp-block-group is-layout-grid wp-container-core-group-is-layout-9649a0d9 wp-block-group-is-layout-grid\">\n<ul class=\"wp-block-list\">\n<li class=\"has-small-font-size\"><a href=\"https:\/\/www.sk8picardie.net\/newftbx\/collection-sk8picardie-ftbx-mag\/\" data-type=\"page\" data-id=\"45\">Collections sk8picardie\/Ftbx mag<\/a> tee shirts, sweat shirts, mugs, stickers et cie<\/li>\n\n\n\n<li class=\"has-small-font-size\">Les Galeries de photos V2 V6 etc<\/li>\n\n\n\n<li class=\"has-small-font-size\">Les <a href=\"https:\/\/www.sk8picardie.net\/newftbx\/videos-ftbx\/\" data-type=\"page\" data-id=\"65\">Vid\u00e9os FTBX Mag<\/a> Youtube et Dailymotion <\/li>\n\n\n\n<li class=\"has-small-font-size\">Les <a href=\"https:\/\/www.sk8picardie.net\/newftbx\/les-sociaux-ftbx\/\" data-type=\"page\" data-id=\"60\">sociaux FTBX Mag<\/a> Facebook Youtube&#8230;<\/li>\n<\/ul>\n\n\n\n<figure class=\"wp-block-image size-full wp-container-content-69bc4bdf\"><img loading=\"lazy\" decoding=\"async\" width=\"500\" height=\"500\" src=\"https:\/\/www.sk8picardie.net\/newftbx\/wp-content\/uploads\/2026\/04\/Logo-sk8picardie-Since-2002-500px.png\" alt=\"\" class=\"wp-image-156\" srcset=\"https:\/\/www.sk8picardie.net\/newftbx\/wp-content\/uploads\/2026\/04\/Logo-sk8picardie-Since-2002-500px.png 500w, https:\/\/www.sk8picardie.net\/newftbx\/wp-content\/uploads\/2026\/04\/Logo-sk8picardie-Since-2002-500px-300x300.png 300w, https:\/\/www.sk8picardie.net\/newftbx\/wp-content\/uploads\/2026\/04\/Logo-sk8picardie-Since-2002-500px-150x150.png 150w\" sizes=\"auto, (max-width: 500px) 100vw, 500px\" \/><\/figure>\n\n\n\n<figure class=\"wp-block-image size-full\"><img loading=\"lazy\" decoding=\"async\" width=\"940\" height=\"788\" src=\"https:\/\/www.sk8picardie.net\/newftbx\/wp-content\/uploads\/2026\/04\/LogoVSFfondblanc.jpg\" alt=\"\" class=\"wp-image-158\" srcset=\"https:\/\/www.sk8picardie.net\/newftbx\/wp-content\/uploads\/2026\/04\/LogoVSFfondblanc.jpg 940w, https:\/\/www.sk8picardie.net\/newftbx\/wp-content\/uploads\/2026\/04\/LogoVSFfondblanc-300x251.jpg 300w, https:\/\/www.sk8picardie.net\/newftbx\/wp-content\/uploads\/2026\/04\/LogoVSFfondblanc-768x644.jpg 768w\" sizes=\"auto, (max-width: 940px) 100vw, 940px\" \/><\/figure>\n\n\n\n<figure class=\"wp-block-image is-style-default\"><img loading=\"lazy\" decoding=\"async\" width=\"632\" height=\"395\" src=\"https:\/\/www.sk8picardie.net\/newftbx\/wp-content\/uploads\/2026\/04\/Logo_detoure_Ailes_FTBX_Skateboard_Generations_by_Homerbd.png\" alt=\"\" class=\"wp-image-146\" srcset=\"https:\/\/www.sk8picardie.net\/newftbx\/wp-content\/uploads\/2026\/04\/Logo_detoure_Ailes_FTBX_Skateboard_Generations_by_Homerbd.png 632w, https:\/\/www.sk8picardie.net\/newftbx\/wp-content\/uploads\/2026\/04\/Logo_detoure_Ailes_FTBX_Skateboard_Generations_by_Homerbd-300x188.png 300w\" sizes=\"auto, (max-width: 632px) 100vw, 632px\" \/><\/figure>\n<\/div>\n\n\n\n<div class=\"wp-block-group is-layout-grid wp-container-core-group-is-layout-9649a0d9 wp-block-group-is-layout-grid\">\n<p class=\"has-accent-1-color has-text-color has-link-color wp-elements-14ccaf56e269ffb372a73c1d43710ab2\"><\/p>\n\n\n\n<p class=\"has-accent-1-color has-text-color has-link-color wp-elements-bb714ff9538fa174d002f68df0cb9c91\">Paris Old School Skate Jam Possj<\/p>\n\n\n\n<p class=\"has-accent-1-color has-text-color has-link-color wp-elements-a7fa4dbbe842c384c20baa8f04cc6446\">Archives FTBX<\/p>\n<\/div>\n\n\n\n<div class=\"wp-block-group is-layout-grid wp-container-core-group-is-layout-9649a0d9 wp-block-group-is-layout-grid\">\n<figure class=\"wp-block-image size-full\"><img loading=\"lazy\" decoding=\"async\" width=\"512\" height=\"512\" src=\"https:\/\/www.sk8picardie.net\/newftbx\/wp-content\/uploads\/2025\/11\/cropped-LogoFTBvieuxcon-detoure.png\" alt=\"\" class=\"wp-image-9\" srcset=\"https:\/\/www.sk8picardie.net\/newftbx\/wp-content\/uploads\/2025\/11\/cropped-LogoFTBvieuxcon-detoure.png 512w, https:\/\/www.sk8picardie.net\/newftbx\/wp-content\/uploads\/2025\/11\/cropped-LogoFTBvieuxcon-detoure-300x300.png 300w, https:\/\/www.sk8picardie.net\/newftbx\/wp-content\/uploads\/2025\/11\/cropped-LogoFTBvieuxcon-detoure-150x150.png 150w, https:\/\/www.sk8picardie.net\/newftbx\/wp-content\/uploads\/2025\/11\/cropped-LogoFTBvieuxcon-detoure-270x270.png 270w, https:\/\/www.sk8picardie.net\/newftbx\/wp-content\/uploads\/2025\/11\/cropped-LogoFTBvieuxcon-detoure-192x192.png 192w, https:\/\/www.sk8picardie.net\/newftbx\/wp-content\/uploads\/2025\/11\/cropped-LogoFTBvieuxcon-detoure-180x180.png 180w, https:\/\/www.sk8picardie.net\/newftbx\/wp-content\/uploads\/2025\/11\/cropped-LogoFTBvieuxcon-detoure-32x32.png 32w\" sizes=\"auto, (max-width: 512px) 100vw, 512px\" \/><\/figure>\n\n\n\n<figure class=\"wp-block-image size-full\"><img loading=\"lazy\" decoding=\"async\" width=\"225\" height=\"225\" src=\"https:\/\/www.sk8picardie.net\/newftbx\/wp-content\/uploads\/2026\/04\/VisuelPOSSJ2025.jpg\" alt=\"\" class=\"wp-image-160\" srcset=\"https:\/\/www.sk8picardie.net\/newftbx\/wp-content\/uploads\/2026\/04\/VisuelPOSSJ2025.jpg 225w, https:\/\/www.sk8picardie.net\/newftbx\/wp-content\/uploads\/2026\/04\/VisuelPOSSJ2025-150x150.jpg 150w\" sizes=\"auto, (max-width: 225px) 100vw, 225px\" \/><\/figure>\n\n\n\n<figure class=\"wp-block-image size-full\"><img loading=\"lazy\" decoding=\"async\" width=\"370\" height=\"161\" src=\"https:\/\/www.sk8picardie.net\/newftbx\/wp-content\/uploads\/2026\/04\/LogoArchivesFTBXsince1998.jpg\" alt=\"\" class=\"wp-image-159\" srcset=\"https:\/\/www.sk8picardie.net\/newftbx\/wp-content\/uploads\/2026\/04\/LogoArchivesFTBXsince1998.jpg 370w, https:\/\/www.sk8picardie.net\/newftbx\/wp-content\/uploads\/2026\/04\/LogoArchivesFTBXsince1998-300x131.jpg 300w\" sizes=\"auto, (max-width: 370px) 100vw, 370px\" \/><\/figure>\n<\/div>\n\n\n\n<hr class=\"wp-block-separator has-alpha-channel-opacity\"\/>\n\n\n\n<p class=\"has-small-font-size\"><em>Homerbd 28 avril 2026<\/em><\/p>\n\n\n\n<figure class=\"wp-block-image alignfull size-full\"><a href=\"https:\/\/www.sk8picardie.net\/newftbx\/\"><img loading=\"lazy\" decoding=\"async\" width=\"970\" height=\"250\" src=\"https:\/\/www.sk8picardie.net\/newftbx\/wp-content\/uploads\/2026\/04\/BanniereFTBXSG-970250.jpg\" alt=\"\" class=\"wp-image-142\" srcset=\"https:\/\/www.sk8picardie.net\/newftbx\/wp-content\/uploads\/2026\/04\/BanniereFTBXSG-970250.jpg 970w, https:\/\/www.sk8picardie.net\/newftbx\/wp-content\/uploads\/2026\/04\/BanniereFTBXSG-970250-300x77.jpg 300w, https:\/\/www.sk8picardie.net\/newftbx\/wp-content\/uploads\/2026\/04\/BanniereFTBXSG-970250-768x198.jpg 768w\" sizes=\"auto, (max-width: 970px) 100vw, 970px\" \/><\/a><\/figure>\n\n\n\n<p><\/p>\n","protected":false},"excerpt":{"rendered":"<p>Avril 2026 : Lancement de\u00a0\u00bbFTBX Skateboard G\u00e9n\u00e9rations by homerbd\u00a0\u00bbAssociation loi 1901 Asso FTBX Skateboard G\u00e9n\u00e9rations est charg\u00e9e en autre de coordonner : FTBX MAG Sk8picardieFr Vieux skaters de France FTBX SKATEBOARD GENERATIONS Paris Old School Skate Jam Possj Archives FTBX Homerbd 28 avril 2026<\/p>\n","protected":false},"author":1,"featured_media":0,"parent":0,"menu_order":0,"comment_status":"closed","ping_status":"closed","template":"","meta":{"footnotes":""},"class_list":["post-2","page","type-page","status-publish","hentry","entry"],"_links":{"self":[{"href":"https:\/\/www.sk8picardie.net\/newftbx\/wp-json\/wp\/v2\/pages\/2","targetHints":{"allow":["GET"]}}],"collection":[{"href":"https:\/\/www.sk8picardie.net\/newftbx\/wp-json\/wp\/v2\/pages"}],"about":[{"href":"https:\/\/www.sk8picardie.net\/newftbx\/wp-json\/wp\/v2\/types\/page"}],"author":[{"embeddable":true,"href":"https:\/\/www.sk8picardie.net\/newftbx\/wp-json\/wp\/v2\/users\/1"}],"replies":[{"embeddable":true,"href":"https:\/\/www.sk8picardie.net\/newftbx\/wp-json\/wp\/v2\/comments?post=2"}],"version-history":[{"count":32,"href":"https:\/\/www.sk8picardie.net\/newftbx\/wp-json\/wp\/v2\/pages\/2\/revisions"}],"predecessor-version":[{"id":226,"href":"https:\/\/www.sk8picardie.net\/newftbx\/wp-json\/wp\/v2\/pages\/2\/revisions\/226"}],"wp:attachment":[{"href":"https:\/\/www.sk8picardie.net\/newftbx\/wp-json\/wp\/v2\/media?parent=2"}],"curies":[{"name":"wp","href":"https:\/\/api.w.org\/{rel}","templated":true}]}}