{"id":45,"date":"2025-11-07T10:26:06","date_gmt":"2025-11-07T10:26:06","guid":{"rendered":"https:\/\/www.sk8picardie.net\/newftbx\/?page_id=45"},"modified":"2026-04-27T07:58:30","modified_gmt":"2026-04-27T07:58:30","slug":"collection-sk8picardie-ftbx-mag","status":"publish","type":"page","link":"https:\/\/www.sk8picardie.net\/newftbx\/collection-sk8picardie-ftbx-mag\/","title":{"rendered":"La Boutique FTBX et Cie"},"content":{"rendered":"\n<div style=\"height:89px\" aria-hidden=\"true\" class=\"wp-block-spacer\"><\/div>\n\n\n\n<h3 class=\"wp-block-heading\">FTBX a travers\u00e9 toutes les \u00e9poques du skateboard depuis la fin des 80\u2019s<\/h3>\n\n\n\n<p>Lanc\u00e9 en d\u00e9cembre 1988, le fanzine papier \u00e0 l\u2019\u00e9poque dans le style de l\u2019\u00e9poque donc en noir et blanc et photocopie, le fanzine \u00e9volue ensuite sur le web fin 90\u2019s et particuli\u00e8rement d\u00e9but des ann\u00e9es 2000. Enfin dans les 2020, quelques num\u00e9ros sortent pour atteindre le #270 !\u00a0<a href=\"https:\/\/web.archive.org\/web\/20230930203047\/https:\/\/issuu.com\/ftbxmag\" target=\"_blank\" rel=\"noreferrer noopener\">a lire en ligne ici<\/a>\u00a0Parmi les participants \u00e0 l\u2019aventure Fran\u00e7ois B\u00e9gnez et Artus ont une place \u00e0 part\u2026<br>Vous pouvez maintenant vous associer \u00e0 cette \u00e9pop\u00e9e en commandan<\/p>\n\n\n\n<div class=\"wp-block-group alignwide\"><div class=\"wp-block-group__inner-container is-layout-constrained wp-block-group-is-layout-constrained\">\n<h2 class=\"wp-block-heading alignwide has-x-large-font-size\" style=\"line-height:1.2\">Souvenirs : Tee shirts, goodies ftbx mag et aussi<br>sk8picardieFr, Vieux Skaters de France, Paris Old School Skate Jam&#8230;<\/h2>\n\n\n\n<h3 class=\"wp-block-heading\">Comment commander ?<br>En quelques \u00e9tapes Collection Sk8picardie FTBX Mag<\/h3>\n\n\n\n<p><em>Un seul catalogue pour les visuels sk8picardie le portail du skateboard dans le 02,60 et 80 et les amis\u2026 avec la collection FTBX \u2018Historique\u2019 du plus ancien skateboard zine de Picardie<\/em><\/p>\n\n\n\n<figure class=\"wp-block-image size-large\"><img loading=\"lazy\" decoding=\"async\" width=\"1024\" height=\"473\" src=\"https:\/\/www.sk8picardie.net\/newftbx\/wp-content\/uploads\/2025\/11\/Mugs-FTBX-tete-de-blaireaux-et-FTBX-SC-1024x473.jpg\" alt=\"\" class=\"wp-image-51\" srcset=\"https:\/\/www.sk8picardie.net\/newftbx\/wp-content\/uploads\/2025\/11\/Mugs-FTBX-tete-de-blaireaux-et-FTBX-SC-1024x473.jpg 1024w, https:\/\/www.sk8picardie.net\/newftbx\/wp-content\/uploads\/2025\/11\/Mugs-FTBX-tete-de-blaireaux-et-FTBX-SC-300x139.jpg 300w, https:\/\/www.sk8picardie.net\/newftbx\/wp-content\/uploads\/2025\/11\/Mugs-FTBX-tete-de-blaireaux-et-FTBX-SC-768x355.jpg 768w, https:\/\/www.sk8picardie.net\/newftbx\/wp-content\/uploads\/2025\/11\/Mugs-FTBX-tete-de-blaireaux-et-FTBX-SC-1536x710.jpg 1536w, https:\/\/www.sk8picardie.net\/newftbx\/wp-content\/uploads\/2025\/11\/Mugs-FTBX-tete-de-blaireaux-et-FTBX-SC.jpg 2048w\" sizes=\"auto, (max-width: 1024px) 100vw, 1024px\" \/><\/figure>\n\n\n\n<ol class=\"wp-block-list\">\n<li><mark><strong>Contacter<\/strong><\/mark>&nbsp;moi :&nbsp;<a href=\"https:\/\/web.archive.org\/web\/20230930203047\/https:\/\/www.instagram.com\/homerbd\/\" target=\"_blank\" rel=\"noreferrer noopener\">@homerbd<\/a>&nbsp;en direct sur&nbsp;<a href=\"https:\/\/web.archive.org\/web\/20230930203047\/https:\/\/www.instagram.com\/homerbd\/\" target=\"_blank\" rel=\"noreferrer noopener\">Instagram<\/a>,&nbsp;<a href=\"https:\/\/web.archive.org\/web\/20230930203047\/https:\/\/www.facebook.com\/homerbd\/\" target=\"_blank\" rel=\"noreferrer noopener\">Facebook<\/a>&nbsp;et ou sur le mail&nbsp;<a href=\"https:\/\/web.archive.org\/web\/20230930203047\/mailto:Homerbd@gmail.com\" target=\"_blank\" rel=\"noreferrer noopener\">Homerbd@gmail.com<\/a><\/li>\n\n\n\n<li><mark><strong>Indiquer<\/strong><\/mark>&nbsp;le(s) mod\u00e8le(s), la(s) taille(s), les coloris (g\u00e9n\u00e9ralement noir ou blanc, pour les autres coloris demandez) et la quantit\u00e9. Toutes les commandes sont indivisualis\u00e9es<\/li>\n\n\n\n<li>En retour, je vous propose un&nbsp;<strong><mark>tarif global TTC et livr\u00e9 chez vous<\/mark><\/strong><\/li>\n\n\n\n<li>Ensuite,&nbsp;<mark><strong>envoyez-moi<\/strong><\/mark>&nbsp;votre adresse et votre num\u00e9ro de t\u00e9l\u00e9phone (num\u00e9ro demand\u00e9 par le transporteur)<\/li>\n\n\n\n<li>Une fois&nbsp;<mark><strong>le paiement<\/strong>&nbsp;<\/mark>(Paypal, ch\u00e8que, virement, monnaie Irl) effectu\u00e9, la commande part rapidement<\/li>\n\n\n\n<li>3 Vous recevez le\/les goodies&nbsp;<mark><strong>directement chez vous<\/strong><\/mark>&nbsp;quelques jours plus tard\u2026<\/li>\n<\/ol>\n<\/div><\/div>\n\n\n\n<p><em>FTBX Magazine (Fuck The BlaireauX Magazine) le fanzine des skaters de Beauvais. Fanzine A parution irr\u00e9guli\u00e8re, skate oblige sont disponible en vente par correspondance (VPC) et \u00e0 la demande.<\/em><\/p>\n\n\n\n<div class=\"wp-block-group alignfull\" style=\"margin-top:0;margin-bottom:0;padding-top:var(--wp--preset--spacing--50);padding-right:var(--wp--preset--spacing--50);padding-bottom:var(--wp--preset--spacing--50);padding-left:var(--wp--preset--spacing--50)\"><div class=\"wp-block-group__inner-container is-layout-constrained wp-container-core-group-is-layout-09821321 wp-block-group-is-layout-constrained\">\n<div class=\"wp-block-columns alignwide is-layout-flex wp-container-core-columns-is-layout-3edbca9c wp-block-columns-is-layout-flex\" style=\"margin-top:0;margin-bottom:0\">\n<div class=\"wp-block-column is-layout-flow wp-block-column-is-layout-flow\">\n<figure class=\"wp-block-image size-full is-style-rounded\"><img loading=\"lazy\" decoding=\"async\" width=\"500\" height=\"500\" src=\"https:\/\/www.sk8picardie.net\/newftbx\/wp-content\/uploads\/2025\/11\/TSftbxnoir-removebg-preview.png\" alt=\"\" class=\"wp-image-56\" style=\"aspect-ratio:4\/3;object-fit:cover\" srcset=\"https:\/\/www.sk8picardie.net\/newftbx\/wp-content\/uploads\/2025\/11\/TSftbxnoir-removebg-preview.png 500w, https:\/\/www.sk8picardie.net\/newftbx\/wp-content\/uploads\/2025\/11\/TSftbxnoir-removebg-preview-300x300.png 300w, https:\/\/www.sk8picardie.net\/newftbx\/wp-content\/uploads\/2025\/11\/TSftbxnoir-removebg-preview-150x150.png 150w\" sizes=\"auto, (max-width: 500px) 100vw, 500px\" \/><\/figure>\n\n\n\n<div style=\"height:var(--wp--preset--spacing--50)\" aria-hidden=\"true\" class=\"wp-block-spacer\"><\/div>\n\n\n\n<figure class=\"wp-block-image size-full is-style-rounded\"><img loading=\"lazy\" decoding=\"async\" width=\"450\" height=\"450\" src=\"https:\/\/www.sk8picardie.net\/newftbx\/wp-content\/uploads\/2025\/11\/TS-Noir-sk8pic-2005.jpg\" alt=\"\" class=\"wp-image-55\" style=\"aspect-ratio:3\/4;object-fit:cover\" srcset=\"https:\/\/www.sk8picardie.net\/newftbx\/wp-content\/uploads\/2025\/11\/TS-Noir-sk8pic-2005.jpg 450w, https:\/\/www.sk8picardie.net\/newftbx\/wp-content\/uploads\/2025\/11\/TS-Noir-sk8pic-2005-300x300.jpg 300w, https:\/\/www.sk8picardie.net\/newftbx\/wp-content\/uploads\/2025\/11\/TS-Noir-sk8pic-2005-150x150.jpg 150w\" sizes=\"auto, (max-width: 450px) 100vw, 450px\" \/><\/figure>\n\n\n\n<div style=\"height:var(--wp--preset--spacing--50)\" aria-hidden=\"true\" class=\"wp-block-spacer\"><\/div>\n\n\n\n<figure class=\"wp-block-image size-full is-style-rounded\"><img loading=\"lazy\" decoding=\"async\" width=\"512\" height=\"512\" src=\"https:\/\/www.sk8picardie.net\/newftbx\/wp-content\/uploads\/2025\/11\/cropped-LogoFTBvieuxcon-detoure.png\" alt=\"\" class=\"wp-image-9\" style=\"aspect-ratio:1;object-fit:cover\" srcset=\"https:\/\/www.sk8picardie.net\/newftbx\/wp-content\/uploads\/2025\/11\/cropped-LogoFTBvieuxcon-detoure.png 512w, https:\/\/www.sk8picardie.net\/newftbx\/wp-content\/uploads\/2025\/11\/cropped-LogoFTBvieuxcon-detoure-300x300.png 300w, https:\/\/www.sk8picardie.net\/newftbx\/wp-content\/uploads\/2025\/11\/cropped-LogoFTBvieuxcon-detoure-150x150.png 150w, https:\/\/www.sk8picardie.net\/newftbx\/wp-content\/uploads\/2025\/11\/cropped-LogoFTBvieuxcon-detoure-270x270.png 270w, https:\/\/www.sk8picardie.net\/newftbx\/wp-content\/uploads\/2025\/11\/cropped-LogoFTBvieuxcon-detoure-192x192.png 192w, https:\/\/www.sk8picardie.net\/newftbx\/wp-content\/uploads\/2025\/11\/cropped-LogoFTBvieuxcon-detoure-180x180.png 180w, https:\/\/www.sk8picardie.net\/newftbx\/wp-content\/uploads\/2025\/11\/cropped-LogoFTBvieuxcon-detoure-32x32.png 32w\" sizes=\"auto, (max-width: 512px) 100vw, 512px\" \/><\/figure>\n<\/div>\n\n\n\n<div class=\"wp-block-column is-layout-flow wp-block-column-is-layout-flow\">\n<div style=\"height:var(--wp--preset--spacing--50)\" aria-hidden=\"true\" class=\"wp-block-spacer\"><\/div>\n\n\n\n<figure class=\"wp-block-image size-full is-style-rounded\"><img loading=\"lazy\" decoding=\"async\" width=\"450\" height=\"450\" src=\"https:\/\/www.sk8picardie.net\/newftbx\/wp-content\/uploads\/2025\/11\/TS-Blanc-Sk8pic-FICPIC-2023.jpg\" alt=\"\" class=\"wp-image-53\" style=\"aspect-ratio:3\/4;object-fit:cover\" srcset=\"https:\/\/www.sk8picardie.net\/newftbx\/wp-content\/uploads\/2025\/11\/TS-Blanc-Sk8pic-FICPIC-2023.jpg 450w, https:\/\/www.sk8picardie.net\/newftbx\/wp-content\/uploads\/2025\/11\/TS-Blanc-Sk8pic-FICPIC-2023-300x300.jpg 300w, https:\/\/www.sk8picardie.net\/newftbx\/wp-content\/uploads\/2025\/11\/TS-Blanc-Sk8pic-FICPIC-2023-150x150.jpg 150w\" sizes=\"auto, (max-width: 450px) 100vw, 450px\" \/><\/figure>\n\n\n\n<div style=\"height:var(--wp--preset--spacing--50)\" aria-hidden=\"true\" class=\"wp-block-spacer\"><\/div>\n\n\n\n<figure class=\"wp-block-image size-full is-style-rounded\"><img loading=\"lazy\" decoding=\"async\" width=\"940\" height=\"788\" src=\"https:\/\/www.sk8picardie.net\/newftbx\/wp-content\/uploads\/2025\/11\/CollectionSk8picFTBX2023-5.jpg\" alt=\"\" class=\"wp-image-48\" style=\"aspect-ratio:1;object-fit:cover\" srcset=\"https:\/\/www.sk8picardie.net\/newftbx\/wp-content\/uploads\/2025\/11\/CollectionSk8picFTBX2023-5.jpg 940w, https:\/\/www.sk8picardie.net\/newftbx\/wp-content\/uploads\/2025\/11\/CollectionSk8picFTBX2023-5-300x251.jpg 300w, https:\/\/www.sk8picardie.net\/newftbx\/wp-content\/uploads\/2025\/11\/CollectionSk8picFTBX2023-5-768x644.jpg 768w\" sizes=\"auto, (max-width: 940px) 100vw, 940px\" \/><\/figure>\n\n\n\n<div style=\"height:var(--wp--preset--spacing--50)\" aria-hidden=\"true\" class=\"wp-block-spacer\"><\/div>\n\n\n\n<figure class=\"wp-block-image size-large is-style-rounded\"><img loading=\"lazy\" decoding=\"async\" width=\"1024\" height=\"1024\" src=\"https:\/\/www.sk8picardie.net\/newftbx\/wp-content\/uploads\/2025\/11\/37671323_883640761846761_6754890195373391872_n-1024x1024.jpg\" alt=\"\" class=\"wp-image-11\" style=\"aspect-ratio:1;object-fit:cover\" srcset=\"https:\/\/www.sk8picardie.net\/newftbx\/wp-content\/uploads\/2025\/11\/37671323_883640761846761_6754890195373391872_n-1024x1024.jpg 1024w, https:\/\/www.sk8picardie.net\/newftbx\/wp-content\/uploads\/2025\/11\/37671323_883640761846761_6754890195373391872_n-300x300.jpg 300w, https:\/\/www.sk8picardie.net\/newftbx\/wp-content\/uploads\/2025\/11\/37671323_883640761846761_6754890195373391872_n-150x150.jpg 150w, https:\/\/www.sk8picardie.net\/newftbx\/wp-content\/uploads\/2025\/11\/37671323_883640761846761_6754890195373391872_n-768x768.jpg 768w, https:\/\/www.sk8picardie.net\/newftbx\/wp-content\/uploads\/2025\/11\/37671323_883640761846761_6754890195373391872_n.jpg 1150w\" sizes=\"auto, (max-width: 1024px) 100vw, 1024px\" \/><\/figure>\n<\/div>\n\n\n\n<div class=\"wp-block-column is-layout-flow wp-block-column-is-layout-flow\">\n<figure class=\"wp-block-image size-full is-style-rounded\"><img loading=\"lazy\" decoding=\"async\" width=\"440\" height=\"319\" src=\"https:\/\/www.sk8picardie.net\/newftbx\/wp-content\/uploads\/2025\/11\/pageftbx.jpeg\" alt=\"\" class=\"wp-image-52\" style=\"aspect-ratio:3\/4;object-fit:cover\" srcset=\"https:\/\/www.sk8picardie.net\/newftbx\/wp-content\/uploads\/2025\/11\/pageftbx.jpeg 440w, https:\/\/www.sk8picardie.net\/newftbx\/wp-content\/uploads\/2025\/11\/pageftbx-300x218.jpeg 300w\" sizes=\"auto, (max-width: 440px) 100vw, 440px\" \/><\/figure>\n\n\n\n<div style=\"height:var(--wp--preset--spacing--50)\" aria-hidden=\"true\" class=\"wp-block-spacer\"><\/div>\n\n\n\n<figure class=\"wp-block-image size-full is-style-rounded\"><img loading=\"lazy\" decoding=\"async\" width=\"940\" height=\"788\" src=\"https:\/\/www.sk8picardie.net\/newftbx\/wp-content\/uploads\/2025\/11\/CollectionSk8picFTBX2023-4.jpg\" alt=\"\" class=\"wp-image-47\" style=\"aspect-ratio:3\/4;object-fit:cover\" srcset=\"https:\/\/www.sk8picardie.net\/newftbx\/wp-content\/uploads\/2025\/11\/CollectionSk8picFTBX2023-4.jpg 940w, https:\/\/www.sk8picardie.net\/newftbx\/wp-content\/uploads\/2025\/11\/CollectionSk8picFTBX2023-4-300x251.jpg 300w, https:\/\/www.sk8picardie.net\/newftbx\/wp-content\/uploads\/2025\/11\/CollectionSk8picFTBX2023-4-768x644.jpg 768w\" sizes=\"auto, (max-width: 940px) 100vw, 940px\" \/><\/figure>\n\n\n\n<div style=\"height:var(--wp--preset--spacing--50)\" aria-hidden=\"true\" class=\"wp-block-spacer\"><\/div>\n\n\n\n<figure class=\"wp-block-image size-full is-style-rounded\"><img loading=\"lazy\" decoding=\"async\" width=\"1024\" height=\"768\" src=\"https:\/\/www.sk8picardie.net\/newftbx\/wp-content\/uploads\/2025\/11\/begneznov20031024.jpg\" alt=\"\" class=\"wp-image-13\" style=\"aspect-ratio:16\/9;object-fit:cover\" srcset=\"https:\/\/www.sk8picardie.net\/newftbx\/wp-content\/uploads\/2025\/11\/begneznov20031024.jpg 1024w, https:\/\/www.sk8picardie.net\/newftbx\/wp-content\/uploads\/2025\/11\/begneznov20031024-300x225.jpg 300w, https:\/\/www.sk8picardie.net\/newftbx\/wp-content\/uploads\/2025\/11\/begneznov20031024-768x576.jpg 768w\" sizes=\"auto, (max-width: 1024px) 100vw, 1024px\" \/><\/figure>\n<\/div>\n\n\n\n<div class=\"wp-block-column is-layout-flow wp-block-column-is-layout-flow\">\n<div style=\"height:var(--wp--preset--spacing--50)\" aria-hidden=\"true\" class=\"wp-block-spacer\"><\/div>\n\n\n\n<figure class=\"wp-block-image size-full is-style-rounded\"><img loading=\"lazy\" decoding=\"async\" width=\"350\" height=\"335\" src=\"https:\/\/www.sk8picardie.net\/newftbx\/wp-content\/uploads\/2025\/11\/mugftbx.png\" alt=\"\" class=\"wp-image-50\" style=\"aspect-ratio:1;object-fit:cover\" srcset=\"https:\/\/www.sk8picardie.net\/newftbx\/wp-content\/uploads\/2025\/11\/mugftbx.png 350w, https:\/\/www.sk8picardie.net\/newftbx\/wp-content\/uploads\/2025\/11\/mugftbx-300x287.png 300w\" sizes=\"auto, (max-width: 350px) 100vw, 350px\" \/><\/figure>\n\n\n\n<div style=\"height:var(--wp--preset--spacing--50)\" aria-hidden=\"true\" class=\"wp-block-spacer\"><\/div>\n\n\n\n<figure class=\"wp-block-image size-full is-style-rounded\"><img loading=\"lazy\" decoding=\"async\" width=\"940\" height=\"788\" src=\"https:\/\/www.sk8picardie.net\/newftbx\/wp-content\/uploads\/2025\/11\/CollectionSk8picFTBX2023-2.jpg\" alt=\"\" class=\"wp-image-46\" style=\"aspect-ratio:4\/3;object-fit:cover\" srcset=\"https:\/\/www.sk8picardie.net\/newftbx\/wp-content\/uploads\/2025\/11\/CollectionSk8picFTBX2023-2.jpg 940w, https:\/\/www.sk8picardie.net\/newftbx\/wp-content\/uploads\/2025\/11\/CollectionSk8picFTBX2023-2-300x251.jpg 300w, https:\/\/www.sk8picardie.net\/newftbx\/wp-content\/uploads\/2025\/11\/CollectionSk8picFTBX2023-2-768x644.jpg 768w\" sizes=\"auto, (max-width: 940px) 100vw, 940px\" \/><\/figure>\n\n\n\n<div style=\"height:var(--wp--preset--spacing--50)\" aria-hidden=\"true\" class=\"wp-block-spacer\"><\/div>\n\n\n\n<figure class=\"wp-block-image size-full is-style-rounded\"><img loading=\"lazy\" decoding=\"async\" width=\"1024\" height=\"768\" src=\"https:\/\/www.sk8picardie.net\/newftbx\/wp-content\/uploads\/2025\/11\/ftbx-screen03041024.jpg\" alt=\"\" class=\"wp-image-14\" style=\"aspect-ratio:9\/16;object-fit:cover\" srcset=\"https:\/\/www.sk8picardie.net\/newftbx\/wp-content\/uploads\/2025\/11\/ftbx-screen03041024.jpg 1024w, https:\/\/www.sk8picardie.net\/newftbx\/wp-content\/uploads\/2025\/11\/ftbx-screen03041024-300x225.jpg 300w, https:\/\/www.sk8picardie.net\/newftbx\/wp-content\/uploads\/2025\/11\/ftbx-screen03041024-768x576.jpg 768w\" sizes=\"auto, (max-width: 1024px) 100vw, 1024px\" \/><\/figure>\n<\/div>\n<\/div>\n<\/div><\/div>\n\n\n\n<h1 class=\"wp-block-heading\"><br>Collection Sk8picardie FTBX mag et Cie<\/h1>\n\n\n\n<hr class=\"wp-block-separator has-alpha-channel-opacity\"\/>\n\n\n\n<div class=\"wp-block-cover alignfull\" style=\"min-height:100vh;aspect-ratio:unset;\"><span aria-hidden=\"true\" class=\"wp-block-cover__background has-accent-3-background-color has-background-dim-100 has-background-dim\"><\/span><div class=\"wp-block-cover__inner-container is-layout-flow wp-block-cover-is-layout-flow\">\n<div class=\"wp-block-media-text alignwide is-stacked-on-mobile is-vertically-aligned-center is-image-fill-element\" style=\"grid-template-columns:56% auto\"><figure class=\"wp-block-media-text__media\"><img loading=\"lazy\" decoding=\"async\" width=\"940\" height=\"788\" src=\"https:\/\/www.sk8picardie.net\/newftbx\/wp-content\/uploads\/2025\/11\/CollectionSk8picFTBX2023-2.jpg\" alt=\"\" class=\"wp-image-46 size-full\" style=\"object-position:50% 50%\" srcset=\"https:\/\/www.sk8picardie.net\/newftbx\/wp-content\/uploads\/2025\/11\/CollectionSk8picFTBX2023-2.jpg 940w, https:\/\/www.sk8picardie.net\/newftbx\/wp-content\/uploads\/2025\/11\/CollectionSk8picFTBX2023-2-300x251.jpg 300w, https:\/\/www.sk8picardie.net\/newftbx\/wp-content\/uploads\/2025\/11\/CollectionSk8picFTBX2023-2-768x644.jpg 768w\" sizes=\"auto, (max-width: 940px) 100vw, 940px\" \/><\/figure><div class=\"wp-block-media-text__content\">\n<h2 class=\"wp-block-heading has-text-color\" style=\"color:#000000;font-size:32px\"><strong>Bient\u00f4t les f\u00eates !<\/strong><\/h2>\n\n\n\n<p class=\"has-text-color\" style=\"color:#000000;font-size:17px\">cadeaux !<\/p>\n\n\n\n<div class=\"wp-block-buttons is-layout-flex wp-block-buttons-is-layout-flex\">\n<div class=\"wp-block-button is-style-fill\"><a class=\"wp-block-button__link wp-element-button\">EN SAVOIR PLUS<\/a><\/div>\n<\/div>\n<\/div><\/div>\n<\/div><\/div>\n","protected":false},"excerpt":{"rendered":"<p>FTBX a travers\u00e9 toutes les \u00e9poques du skateboard depuis la fin des 80\u2019s Lanc\u00e9 en d\u00e9cembre 1988, le fanzine papier \u00e0 l\u2019\u00e9poque dans le style de l\u2019\u00e9poque donc en noir et blanc et photocopie, le fanzine \u00e9volue ensuite sur le web fin 90\u2019s et particuli\u00e8rement d\u00e9but des ann\u00e9es 2000. Enfin dans les 2020, quelques num\u00e9ros [&hellip;]<\/p>\n","protected":false},"author":1,"featured_media":0,"parent":0,"menu_order":0,"comment_status":"closed","ping_status":"closed","template":"","meta":{"footnotes":""},"class_list":["post-45","page","type-page","status-publish","hentry","entry"],"_links":{"self":[{"href":"https:\/\/www.sk8picardie.net\/newftbx\/wp-json\/wp\/v2\/pages\/45","targetHints":{"allow":["GET"]}}],"collection":[{"href":"https:\/\/www.sk8picardie.net\/newftbx\/wp-json\/wp\/v2\/pages"}],"about":[{"href":"https:\/\/www.sk8picardie.net\/newftbx\/wp-json\/wp\/v2\/types\/page"}],"author":[{"embeddable":true,"href":"https:\/\/www.sk8picardie.net\/newftbx\/wp-json\/wp\/v2\/users\/1"}],"replies":[{"embeddable":true,"href":"https:\/\/www.sk8picardie.net\/newftbx\/wp-json\/wp\/v2\/comments?post=45"}],"version-history":[{"count":7,"href":"https:\/\/www.sk8picardie.net\/newftbx\/wp-json\/wp\/v2\/pages\/45\/revisions"}],"predecessor-version":[{"id":178,"href":"https:\/\/www.sk8picardie.net\/newftbx\/wp-json\/wp\/v2\/pages\/45\/revisions\/178"}],"wp:attachment":[{"href":"https:\/\/www.sk8picardie.net\/newftbx\/wp-json\/wp\/v2\/media?parent=45"}],"curies":[{"name":"wp","href":"https:\/\/api.w.org\/{rel}","templated":true}]}}