{"id":60,"date":"2025-11-07T13:31:24","date_gmt":"2025-11-07T13:31:24","guid":{"rendered":"https:\/\/www.sk8picardie.net\/newftbx\/?page_id=60"},"modified":"2026-04-27T08:00:53","modified_gmt":"2026-04-27T08:00:53","slug":"les-sociaux-ftbx","status":"publish","type":"page","link":"https:\/\/www.sk8picardie.net\/newftbx\/les-sociaux-ftbx\/","title":{"rendered":"Annuaire FTBX Skateboard G\u00e9n\u00e9rations by Homerbd"},"content":{"rendered":"\n<div style=\"height:var(--wp--preset--spacing--50)\" aria-hidden=\"true\" class=\"wp-block-spacer\"><\/div>\n\n\n\n<div class=\"wp-block-group alignwide\"><div class=\"wp-block-group__inner-container is-layout-constrained wp-block-group-is-layout-constrained\">\n<h1 class=\"wp-block-heading alignwide has-x-large-font-size\" style=\"line-height:1.2\">FTBX aka Fuck The BlaireauX Magazine sur le web depuis&#8230; 1998<\/h1>\n\n\n\n<p class=\"has-accent-3-background-color has-background\"><em>Pr\u00e9sent sur le web et les r\u00e9seaux d&rsquo;\u00e9changes depuis le d\u00e9but&#8230; Ca vous dit l&rsquo;irc et les forums PhpBB ?<\/em><\/p>\n\n\n\n<h2 class=\"wp-block-heading\">En 2025<\/h2>\n\n\n\n<h3 class=\"wp-block-heading\">Facebook <\/h3>\n\n\n\n<p>Page <a href=\"https:\/\/www.facebook.com\/ftbxmag\/?locale=fr_FR\">https:\/\/www.facebook.com\/ftbxmag\/<\/a><\/p>\n\n\n\n<p>Profil <a href=\"https:\/\/www.facebook.com\/ftbxmag.beauvais.1\">https:\/\/www.facebook.com\/ftbxmag.beauvais.1<\/a><\/p>\n\n\n\n<p>Groupe priv\u00e9 FTBX Canal historique <a href=\"https:\/\/www.facebook.com\/groups\/ftbxmagofficiel\/\">https:\/\/www.facebook.com\/groups\/ftbxmagofficiel\/<\/a><\/p>\n\n\n\n<p>et moi <a href=\"https:\/\/www.facebook.com\/homerbd\/\">https:\/\/www.facebook.com\/homerbd\/<\/a><\/p>\n<\/div><\/div>\n\n\n\n<h3 class=\"wp-block-heading\">Instagram<\/h3>\n\n\n\n<p>Pas de instagram FTBX voir homerbd<\/p>\n\n\n\n<h3 class=\"wp-block-heading\">Youtube<\/h3>\n\n\n\n<p><strong>FTBX la playliste FTBX<\/strong> (mot cl\u00e9 FTBX) sur profil Homerbd FTBX Mag<\/p>\n\n\n\n<p><a href=\"https:\/\/www.youtube.com\/@homerbd\/search?query=ftbx\">https:\/\/www.youtube.com\/@homerbd\/search?query=ftbx<\/a><\/p>\n\n\n\n<p><strong>FTBX Magazine Since 1988<\/strong><br>@HomerbdFTBXMagsince1988 (plan B)<\/p>\n\n\n\n<p><a href=\"https:\/\/www.youtube.com\/@HomerbdFTBXMagsince1988\">https:\/\/www.youtube.com\/@HomerbdFTBXMagsince1988<\/a><\/p>\n\n\n\n<p>Youtube @sk8picardie la playliste FTBX Mag<\/p>\n\n\n\n<figure class=\"wp-block-embed is-type-video is-provider-youtube wp-block-embed-youtube wp-embed-aspect-16-9 wp-has-aspect-ratio\"><div class=\"wp-block-embed__wrapper\">\n<p class=\"responsive-video-wrap clr\"><iframe loading=\"lazy\" title=\"Ftbx Mag since 1988\" width=\"1200\" height=\"675\" src=\"https:\/\/www.youtube.com\/embed\/videoseries?list=PLLy4Eqgg8OermjsrZ8j_KqsC1BR345WGQ\" frameborder=\"0\" allow=\"accelerometer; autoplay; clipboard-write; encrypted-media; gyroscope; picture-in-picture; web-share\" referrerpolicy=\"strict-origin-when-cross-origin\" allowfullscreen><\/iframe><\/p>\n<\/div><\/figure>\n\n\n\n<hr class=\"wp-block-separator has-text-color has-accent-2-color has-alpha-channel-opacity has-accent-2-background-color has-background\"\/>\n\n\n\n<p><\/p>\n","protected":false},"excerpt":{"rendered":"<p>FTBX aka Fuck The BlaireauX Magazine sur le web depuis&#8230; 1998 Pr\u00e9sent sur le web et les r\u00e9seaux d&rsquo;\u00e9changes depuis le d\u00e9but&#8230; Ca vous dit l&rsquo;irc et les forums PhpBB ? En 2025 Facebook Page https:\/\/www.facebook.com\/ftbxmag\/ Profil https:\/\/www.facebook.com\/ftbxmag.beauvais.1 Groupe priv\u00e9 FTBX Canal historique https:\/\/www.facebook.com\/groups\/ftbxmagofficiel\/ et moi https:\/\/www.facebook.com\/homerbd\/ Instagram Pas de instagram FTBX voir homerbd Youtube [&hellip;]<\/p>\n","protected":false},"author":1,"featured_media":0,"parent":0,"menu_order":0,"comment_status":"closed","ping_status":"closed","template":"","meta":{"footnotes":""},"class_list":["post-60","page","type-page","status-publish","hentry","entry"],"_links":{"self":[{"href":"https:\/\/www.sk8picardie.net\/newftbx\/wp-json\/wp\/v2\/pages\/60","targetHints":{"allow":["GET"]}}],"collection":[{"href":"https:\/\/www.sk8picardie.net\/newftbx\/wp-json\/wp\/v2\/pages"}],"about":[{"href":"https:\/\/www.sk8picardie.net\/newftbx\/wp-json\/wp\/v2\/types\/page"}],"author":[{"embeddable":true,"href":"https:\/\/www.sk8picardie.net\/newftbx\/wp-json\/wp\/v2\/users\/1"}],"replies":[{"embeddable":true,"href":"https:\/\/www.sk8picardie.net\/newftbx\/wp-json\/wp\/v2\/comments?post=60"}],"version-history":[{"count":4,"href":"https:\/\/www.sk8picardie.net\/newftbx\/wp-json\/wp\/v2\/pages\/60\/revisions"}],"predecessor-version":[{"id":198,"href":"https:\/\/www.sk8picardie.net\/newftbx\/wp-json\/wp\/v2\/pages\/60\/revisions\/198"}],"wp:attachment":[{"href":"https:\/\/www.sk8picardie.net\/newftbx\/wp-json\/wp\/v2\/media?parent=60"}],"curies":[{"name":"wp","href":"https:\/\/api.w.org\/{rel}","templated":true}]}}